{"id":260,"date":"2024-09-02T16:21:09","date_gmt":"2024-09-02T16:21:09","guid":{"rendered":"https:\/\/www.hotelcircleinn.de\/?page_id=260"},"modified":"2025-03-22T09:21:52","modified_gmt":"2025-03-22T09:21:52","slug":"impressum","status":"publish","type":"page","link":"https:\/\/www.hotelcircleinn.de\/de\/impressum\/","title":{"rendered":"Impressum"},"content":{"rendered":"\t\t<div data-elementor-type=\"wp-page\" data-elementor-id=\"260\" class=\"elementor elementor-260\" data-elementor-post-type=\"page\">\n\t\t\t\t<div class=\"elementor-element elementor-element-1cb9ee1 e-flex e-con-boxed e-con e-parent\" data-id=\"1cb9ee1\" data-element_type=\"container\" data-e-type=\"container\" data-settings=\"{&quot;background_background&quot;:&quot;classic&quot;,&quot;jet_parallax_layout_list&quot;:[]}\">\n\t\t\t\t\t<div class=\"e-con-inner\">\n\t\t\t\t\t<\/div>\n\t\t\t\t<\/div>\n\t\t<div class=\"elementor-element elementor-element-697fedb e-flex e-con-boxed e-con e-parent\" data-id=\"697fedb\" data-element_type=\"container\" data-e-type=\"container\" data-settings=\"{&quot;jet_parallax_layout_list&quot;:[]}\">\n\t\t\t\t\t<div class=\"e-con-inner\">\n\t\t\t\t<div class=\"elementor-element elementor-element-663bd80 elementor-widget elementor-widget-heading\" data-id=\"663bd80\" data-element_type=\"widget\" data-e-type=\"widget\" data-widget_type=\"heading.default\">\n\t\t\t\t<div class=\"elementor-widget-container\">\n\t\t\t\t\t<h2 class=\"elementor-heading-title elementor-size-default\">Impressum<\/h2>\t\t\t\t<\/div>\n\t\t\t\t<\/div>\n\t\t\t\t<div class=\"elementor-element elementor-element-ab3ad9b elementor-widget elementor-widget-text-editor\" data-id=\"ab3ad9b\" data-element_type=\"widget\" data-e-type=\"widget\" data-widget_type=\"text-editor.default\">\n\t\t\t\t<div class=\"elementor-widget-container\">\n\t\t\t\t\t\t\t\t\t<p>Herausgeber:<\/p><p><strong>Hotel Circle Inn GmbH<\/strong><br \/>Kindsbacher Str. 58<br \/>66877 Ramstein-Miesenbach<\/p><p>Telefon: 0 63 71 &#8211; 61 60<br \/>Telefax: 0 63 71 &#8211; 61 65 57<br \/>Internet: www.hotelcircleinn.de<br \/>E-Mail: info@hotelcircleinn.de<\/p><p>Registergericht: AG Zweibr\u00fccken, HRB 31884<br \/>Inhaber: Robert Mitchell<br \/>Gesch\u00e4ftsf\u00fchrer: Robert Mitchell<br \/>Manager: Martin Schwarzelbach<\/p><p>Umsatzsteuer-Identifikationsnummer gem\u00e4\u00df \u00a7 27 a Umsatzsteuergesetz:<br \/>DE 318910234<br \/>Umsatzsteuer-ID: 19\/655\/40796<\/p><p>Haftungshinweis: Trotz sorgf\u00e4ltiger inhaltlicher Kontrolle \u00fcbernehmen wir keine Haftung f\u00fcr die Inhalte externer Links. F\u00fcr den Inhalt der verlinkten Seiten sind ausschlie\u00dflich deren Betreiber verantwortlich. Den kompletten Haftungsausschluss finden Sie hier.<\/p>\t\t\t\t\t\t\t\t<\/div>\n\t\t\t\t<\/div>\n\t\t\t\t\t<\/div>\n\t\t\t\t<\/div>\n\t\t\t\t<\/div>\n\t\t","protected":false},"excerpt":{"rendered":"<p>Impressum Herausgeber: Hotel Circle Inn GmbHKindsbacher Str. 5866877 Ramstein-Miesenbach Telefon: 0 63 71 &#8211; 61 60Telefax: 0 63 71 &#8211; 61 65 57Internet: www.hotelcircleinn.deE-Mail: info@hotelcircleinn.de Registergericht: AG Zweibr\u00fccken, HRB 31884Inhaber: Robert MitchellGesch\u00e4ftsf\u00fchrer: Robert MitchellManager: Martin Schwarzelbach Umsatzsteuer-Identifikationsnummer gem\u00e4\u00df \u00a7 27 a Umsatzsteuergesetz:DE 318910234Umsatzsteuer-ID: 19\/655\/40796 Haftungshinweis: Trotz sorgf\u00e4ltiger inhaltlicher Kontrolle \u00fcbernehmen wir keine Haftung f\u00fcr die [&hellip;]<\/p>\n","protected":false},"author":1,"featured_media":0,"parent":0,"menu_order":7,"comment_status":"closed","ping_status":"closed","template":"","meta":{"footnotes":""},"class_list":["post-260","page","type-page","status-publish","hentry"],"_links":{"self":[{"href":"https:\/\/www.hotelcircleinn.de\/de\/wp-json\/wp\/v2\/pages\/260","targetHints":{"allow":["GET"]}}],"collection":[{"href":"https:\/\/www.hotelcircleinn.de\/de\/wp-json\/wp\/v2\/pages"}],"about":[{"href":"https:\/\/www.hotelcircleinn.de\/de\/wp-json\/wp\/v2\/types\/page"}],"author":[{"embeddable":true,"href":"https:\/\/www.hotelcircleinn.de\/de\/wp-json\/wp\/v2\/users\/1"}],"replies":[{"embeddable":true,"href":"https:\/\/www.hotelcircleinn.de\/de\/wp-json\/wp\/v2\/comments?post=260"}],"version-history":[{"count":10,"href":"https:\/\/www.hotelcircleinn.de\/de\/wp-json\/wp\/v2\/pages\/260\/revisions"}],"predecessor-version":[{"id":2385,"href":"https:\/\/www.hotelcircleinn.de\/de\/wp-json\/wp\/v2\/pages\/260\/revisions\/2385"}],"wp:attachment":[{"href":"https:\/\/www.hotelcircleinn.de\/de\/wp-json\/wp\/v2\/media?parent=260"}],"curies":[{"name":"wp","href":"https:\/\/api.w.org\/{rel}","templated":true}]}}